{"id":158,"date":"2022-11-03T10:02:57","date_gmt":"2022-11-03T09:02:57","guid":{"rendered":"https:\/\/muralesurzulei.com\/?post_type=product&#038;p=158"},"modified":"2022-12-21T18:01:38","modified_gmt":"2022-12-21T17:01:38","slug":"fotografo-giorgio-nataletti","status":"publish","type":"product","link":"https:\/\/muralesurzulei.com\/index.php\/prodotto\/fotografo-giorgio-nataletti\/","title":{"rendered":"Fotografo Giorgio Nataletti"},"content":{"rendered":"<p>[et_pb_section fb_built=&#8221;1&#8243; _builder_version=&#8221;4.16&#8243; custom_padding=&#8221;0px||||false|false&#8221; global_colors_info=&#8221;{}&#8221;][et_pb_row _builder_version=&#8221;4.16&#8243; background_size=&#8221;initial&#8221; background_position=&#8221;top_left&#8221; background_repeat=&#8221;repeat&#8221; width=&#8221;100%&#8221; custom_padding=&#8221;0px||0px||false|false&#8221; global_colors_info=&#8221;{}&#8221;][et_pb_column type=&#8221;4_4&#8243; _builder_version=&#8221;4.16&#8243; custom_padding=&#8221;|||&#8221; global_colors_info=&#8221;{}&#8221; custom_padding__hover=&#8221;|||&#8221;][et_pb_wc_breadcrumb _builder_version=&#8221;4.16&#8243; global_colors_info=&#8221;{}&#8221;][\/et_pb_wc_breadcrumb][et_pb_wc_cart_notice _builder_version=&#8221;4.16&#8243; global_colors_info=&#8221;{}&#8221;][\/et_pb_wc_cart_notice][\/et_pb_column][\/et_pb_row][et_pb_row column_structure=&#8221;1_2,1_2&#8243; _builder_version=&#8221;4.16&#8243; background_size=&#8221;initial&#8221; background_position=&#8221;top_left&#8221; background_repeat=&#8221;repeat&#8221; width=&#8221;100%&#8221; custom_padding=&#8221;0px||||false|false&#8221; global_colors_info=&#8221;{}&#8221;][et_pb_column type=&#8221;1_2&#8243; _builder_version=&#8221;4.16&#8243; custom_padding=&#8221;|||&#8221; global_colors_info=&#8221;{}&#8221; custom_padding__hover=&#8221;|||&#8221;][et_pb_wc_images _builder_version=&#8221;4.18.0&#8243; global_colors_info=&#8221;{}&#8221;][\/et_pb_wc_images][\/et_pb_column][et_pb_column type=&#8221;1_2&#8243; _builder_version=&#8221;4.16&#8243; custom_padding=&#8221;|||&#8221; global_colors_info=&#8221;{}&#8221; custom_padding__hover=&#8221;|||&#8221;][et_pb_wc_title _builder_version=&#8221;4.16&#8243; global_colors_info=&#8221;{}&#8221;][\/et_pb_wc_title][et_pb_wc_rating _builder_version=&#8221;4.16&#8243; global_colors_info=&#8221;{}&#8221;][\/et_pb_wc_rating][et_pb_wc_price _builder_version=&#8221;4.16&#8243; global_colors_info=&#8221;{}&#8221;][\/et_pb_wc_price][et_pb_wc_description _builder_version=&#8221;4.16&#8243; global_colors_info=&#8221;{}&#8221;][\/et_pb_wc_description][et_pb_wc_add_to_cart _builder_version=&#8221;4.16&#8243; global_colors_info=&#8221;{}&#8221;][\/et_pb_wc_add_to_cart][et_pb_wc_meta _builder_version=&#8221;4.16&#8243; global_colors_info=&#8221;{}&#8221;][\/et_pb_wc_meta][\/et_pb_column][\/et_pb_row][et_pb_row _builder_version=&#8221;4.16&#8243; background_size=&#8221;initial&#8221; background_position=&#8221;top_left&#8221; background_repeat=&#8221;repeat&#8221; width=&#8221;100%&#8221; global_colors_info=&#8221;{}&#8221;][et_pb_column type=&#8221;4_4&#8243; _builder_version=&#8221;4.16&#8243; custom_padding=&#8221;|||&#8221; global_colors_info=&#8221;{}&#8221; custom_padding__hover=&#8221;|||&#8221;][et_pb_wc_tabs _builder_version=&#8221;4.16&#8243; global_colors_info=&#8221;{}&#8221;] [\/et_pb_wc_tabs][et_pb_wc_upsells _builder_version=&#8221;4.16&#8243; global_colors_info=&#8221;{}&#8221;][\/et_pb_wc_upsells][et_pb_wc_related_products _builder_version=&#8221;4.16&#8243; global_colors_info=&#8221;{}&#8221;][\/et_pb_wc_related_products][\/et_pb_column][\/et_pb_row][\/et_pb_section]<\/p>\n","protected":false},"excerpt":{"rendered":"<p>La descrizione dettagliata del fotografo sar\u00e0 visibile solo dopo l&#8217;acquisto.<\/p>\n","protected":false},"featured_media":159,"comment_status":"open","ping_status":"closed","template":"","meta":{"_et_pb_use_builder":"on","_et_pb_old_content":"Grazie per il tuo acquisto, qui trovi gli approfondimenti.\r\n\r\n<strong>Giorgio Nataletti <\/strong>\r\n\r\nGiorgio Nataletti (1907-1972), romano e funzionario dell\u2019Eiar, \u00e8 considerato fra i padri dell\u2019etnomusicologia italiana e fondatore del C.N.S.M.P. - Centro Nazionale di Studi sulla Musica Popolare - presso l\u2019Accademia di Santa Cecilia a Roma, il primo archivio pubblico italiano dedicato alle tradizioni musicali.\r\n<blockquote>\r\n<pre><a href=\"http:\/\/muralesurzulei.com\/wp-content\/uploads\/2022\/11\/Fotografo-Giorgio-Nataletti.jpg\" target=\"_blank\" rel=\"noopener\"><img class=\"alignnone wp-image-159 size-full\" src=\"http:\/\/muralesurzulei.com\/wp-content\/uploads\/2022\/11\/Fotografo-Giorgio-Nataletti.jpg\" alt=\"Fotografo Giorgio Nataletti\" width=\"400\" height=\"489\" \/><\/a>\r\nClicca sulle immagini per guardarle alla risoluzione originale<\/pre>\r\n<\/blockquote>\r\n<div class=\"col-md-12\">\r\n\r\nNegli anni \u201950, Nataletti fece una lunga ed intensa campagna di rilevamento della musica sarda, e come spesso \u00e8 successo per altri studiosi di cose sarde, fece un passaggio a Urzulei.\r\n\r\nLa foto scattata da Nataletti, l\u2019unica sua del percorso muralistico, \u00e8 di grande forza simbolica; i due anziani fotografati mentre ist\u00f2riant (parlano), per gli abiti che indossano, per la postura del corpo, la gestualit\u00e0 delle braccia e le espressioni del viso, appartengono alla societ\u00e0 basata sulla tradizione orale. Tra l\u2019altro, l\u2019uomo seduto a sinistra \u00e8 Peppe Luisu Mula, il poeta orale, considerato la memoria storica di Urzulei.\r\n\r\nDurante l\u2019intervista al vecchio poeta, Nataletti raccoglie qualche dato d\u2019interesse storico: come la fondazione di Dorgali da parte dei Mulas di Urzulei; il periodo storico al quale risalgono le tre chiese di Sant\u2019Antonio, San Giorgio e San Giovanni Battista.\r\n\r\nAltri autori che hanno realizzato importanti fotografie a Urzulei sono Antonio Sotgia, fotografo baunese (di origini urzuleine) e il veterinario di Bortigali Gianni Gallus, i cui preziosi scatti certamente saranno presi in considerazione per i futuri murales del percorso Mem\u00f2ria e identidade.\r\n\r\n<a href=\"#_ftnref1\" name=\"_ftn1\"><\/a>\r\n\r\n<\/div>","_et_gb_content_width":""},"product_brand":[],"product_cat":[26],"product_tag":[],"class_list":{"0":"post-158","1":"product","2":"type-product","3":"status-publish","4":"has-post-thumbnail","6":"product_cat-fotografi","8":"first","9":"instock","10":"virtual","11":"sold-individually","12":"purchasable","13":"product-type-paywall_product"},"jetpack_sharing_enabled":true,"_links":{"self":[{"href":"https:\/\/muralesurzulei.com\/index.php\/wp-json\/wp\/v2\/product\/158","targetHints":{"allow":["GET"]}}],"collection":[{"href":"https:\/\/muralesurzulei.com\/index.php\/wp-json\/wp\/v2\/product"}],"about":[{"href":"https:\/\/muralesurzulei.com\/index.php\/wp-json\/wp\/v2\/types\/product"}],"replies":[{"embeddable":true,"href":"https:\/\/muralesurzulei.com\/index.php\/wp-json\/wp\/v2\/comments?post=158"}],"wp:featuredmedia":[{"embeddable":true,"href":"https:\/\/muralesurzulei.com\/index.php\/wp-json\/wp\/v2\/media\/159"}],"wp:attachment":[{"href":"https:\/\/muralesurzulei.com\/index.php\/wp-json\/wp\/v2\/media?parent=158"}],"wp:term":[{"taxonomy":"product_brand","embeddable":true,"href":"https:\/\/muralesurzulei.com\/index.php\/wp-json\/wp\/v2\/product_brand?post=158"},{"taxonomy":"product_cat","embeddable":true,"href":"https:\/\/muralesurzulei.com\/index.php\/wp-json\/wp\/v2\/product_cat?post=158"},{"taxonomy":"product_tag","embeddable":true,"href":"https:\/\/muralesurzulei.com\/index.php\/wp-json\/wp\/v2\/product_tag?post=158"}],"curies":[{"name":"wp","href":"https:\/\/api.w.org\/{rel}","templated":true}]}}